{"id":46,"date":"2022-03-29T16:00:15","date_gmt":"2022-03-29T16:00:15","guid":{"rendered":"http:\/\/eucadent.com\/?page_id=46"},"modified":"2022-03-29T16:00:22","modified_gmt":"2022-03-29T16:00:22","slug":"terminos-condiciones","status":"publish","type":"page","link":"https:\/\/eucadent.com\/index.php\/terminos-condiciones\/","title":{"rendered":"T\u00c9RMINOS &#038; CONDICIONES"},"content":{"rendered":"\n<p><strong>1. Introducci\u00f3n<\/strong><br>Estos T\u00e9rminos y Condiciones est\u00e1ndar del sitio web (estos \u00abT\u00e9rminos\u00bb o estos \u00abT\u00e9rminos y condiciones est\u00e1ndar del sitio web\u00bb) contenidos en esta p\u00e1gina web, regir\u00e1n el uso de este sitio web, incluidas todas las p\u00e1ginas dentro de este sitio web (a las que se hace referencia colectivamente a continuaci\u00f3n como este \u00bb Sitio web\u00bb). Estos T\u00e9rminos se aplican en plena vigencia y efecto a su uso de este sitio web y al usar este sitio web, usted acepta expresamente todos los t\u00e9rminos y condiciones aqu\u00ed contenidos en su totalidad. No debe utilizar este sitio web si tiene alguna objeci\u00f3n a cualquiera de estos T\u00e9rminos y Condiciones est\u00e1ndar del sitio web.<br>Este sitio web no es para uso de menores (definidos como aquellos que no tienen al menos 18 a\u00f1os de edad), y no debe usar este sitio web si es menor de edad.<br><strong>2. Derechos de propiedad intelectual<\/strong><br>Adem\u00e1s del contenido de su propiedad, que puede haber optado por incluir en este sitio web, en virtud de estos T\u00e9rminos, EucaDENT y \/ o sus licenciantes poseen todos los derechos sobre la propiedad intelectual y el material contenido en este sitio web, y todos esos derechos est\u00e1n reservados. Se le otorga una licencia limitada \u00fanicamente, sujeta a las restricciones provistas en estos T\u00e9rminos, con el prop\u00f3sito de ver el material contenido en este sitio web.<br><strong>3. Restricciones<\/strong><br>Est\u00e1 expresa y enf\u00e1ticamente restringido a todo lo siguiente:<br>1. publicar cualquier material del sitio web en cualquier medio; excepto en redes sociales y\/o prensa para divulgaci\u00f3n de la marca EucaDENT.<br>2. vender, otorgar sublicencias y \/ o comercializar cualquier material del sitio web;<br>3. realizar p\u00fablicamente y \/ o mostrar cualquier material del sitio web; excepto en redes sociales y\/o prensa para divulgaci\u00f3n de la marca EucaDENT<br>4. usar este sitio web de cualquier manera que sea, o pueda ser, perjudicial para este sitio web;<br>5. usar este sitio web de cualquier forma que afecte el acceso del usuario a este sitio web;<br>6. usar este sitio web en contra de las leyes y regulaciones aplicables, o de una manera que cause, o pueda causar, da\u00f1o al sitio web o a cualquier persona o entidad comercial;<br>7. participar en cualquier extracci\u00f3n de datos, recolecci\u00f3n de datos, extracci\u00f3n de datos o cualquier otra actividad similar en relaci\u00f3n con este sitio web, o mientras se utiliza este sitio web;<br>8. usar este sitio web para participar en cualquier tipo de publicidad o marketing no aprobado por sus directores; excepto prensa para divulgaci\u00f3n de la marca EucaDENT.<br>Ciertas \u00e1reas de este sitio web tienen restringido el acceso y EucaDENT puede restringir a\u00fan m\u00e1s el acceso a cualquier \u00e1rea de este sitio web, en cualquier momento, a su exclusivo y absoluto criterio. Cualquier ID de usuario y contrase\u00f1a que pueda tener para este sitio web son confidenciales y debe mantener la confidencialidad de dicha informaci\u00f3n.<br><strong>4. Su contenido<\/strong><br>En estos T\u00e9rminos y condiciones est\u00e1ndar del sitio web, \u00abSu contenido\u00bb significar\u00e1 cualquier audio, video, texto, im\u00e1genes u otro material que elija mostrar en este sitio web. Con respecto a su contenido, al mostrarlo, otorga a EucaDENT una licencia no exclusiva, mundial, irrevocable, libre de regal\u00edas y sublicenciable para usarlo, reproducirlo, adaptarlo, publicarlo, traducirlo y distribuirlo en todos y cada uno de los medios.<br>Su contenido debe ser suyo y no debe infringir los derechos de terceros. EucaDENT se reserva el derecho de eliminar su contenido de este sitio web en cualquier momento y por cualquier motivo, sin previo aviso.<br><strong>5. Sin garant\u00edas<\/strong><br>Este sitio web se proporciona \u00abtal cual\u00bb, con todos los defectos que pudiera contener, y EucaDENT no hace representaciones ni garant\u00edas expresas o impl\u00edcitas, de ning\u00fan tipo, relacionadas con este sitio web o los materiales contenidos en este sitio web.<\/p>\n\n\n\n<p><strong>6. Limitaci\u00f3n de responsabilidad<\/strong><br>En ning\u00fan caso EucaDENT, ni ninguno de sus funcionarios, directores y empleados ser\u00e1n responsables ante usted por cualquier cosa que surja de o de alguna manera relacionada con su uso de este sitio web, ya sea que dicha responsabilidad sea contractual, extracontractual o de otro tipo, y EucaDENT, incluidos sus funcionarios, directores y empleados, no ser\u00e1n responsables de ninguna responsabilidad indirecta, consecuente o especial que surja de o de alguna manera relacionada con su uso de este sitio web.<br><strong>7. Indemnizaci\u00f3n<\/strong><br>Por la presente, usted indemniza en la mayor medida posible a EucaDENT de y contra todas y cada una de las responsabilidades, costos, demandas, causas de acci\u00f3n, da\u00f1os y gastos (incluidos los honorarios razonables de abogados) que surjan de o de alguna manera relacionados con su incumplimiento de cualquiera de los disposiciones de estos T\u00e9rminos.<br><strong>8. Divisibilidad<\/strong><br>Si se determina que alguna disposici\u00f3n de estos T\u00e9rminos es inaplicable o inv\u00e1lida bajo cualquier ley aplicable, dicha inaplicabilidad o invalidez no har\u00e1 que estos T\u00e9rminos sean inaplicables o inv\u00e1lidos en su conjunto, y dichas disposiciones se eliminar\u00e1n sin afectar las disposiciones restantes del presente.<br><strong>9. Variaci\u00f3n de t\u00e9rminos<\/strong><br>EucaDENT tiene permitido revisar estos T\u00e9rminos en cualquier momento que considere oportuno, y al utilizar este sitio web se espera que los revise peri\u00f3dicamente para asegurarse de que comprende todos los t\u00e9rminos y condiciones que rigen el uso de este sitio web.<br><strong>10. Cesi\u00f3n<\/strong><br>EucaDENT podr\u00e1 ceder, transferir y subcontratar sus derechos y \/ u obligaciones bajo estos T\u00e9rminos sin necesidad de notificaci\u00f3n o consentimiento. Sin embargo, no se le permitir\u00e1 ceder, transferir o subcontratar ninguno de sus derechos y \/ u obligaciones bajo estos T\u00e9rminos.<br><strong>11. Acuerdo completo<\/strong><br>Estos T\u00e9rminos, incluidos los avisos legales y exenciones de responsabilidad contenidos en este sitio web, constituyen el acuerdo completo entre EucaDENT y usted en relaci\u00f3n con su uso de este sitio web, y reemplazan todos los acuerdos y entendimientos anteriores con respecto al mismo.<br><strong>12. Ley aplicable y jurisdicci\u00f3n<\/strong><br>Estos T\u00e9rminos se regir\u00e1n e interpretar\u00e1n de acuerdo con las leyes de Uruguay, y usted se somete a la jurisdicci\u00f3n no exclusiva de Uruguay y los tribunales federales ubicados en Montevideo, Uruguay para la resoluci\u00f3n de cualquier disputa.<\/p>\n","protected":false},"excerpt":{"rendered":"<p>1. Introducci\u00f3nEstos T\u00e9rminos y Condiciones est\u00e1ndar del sitio web (estos \u00abT\u00e9rminos\u00bb o estos \u00abT\u00e9rminos y condiciones est\u00e1ndar del sitio web\u00bb) contenidos en esta p\u00e1gina web, regir\u00e1n el uso de este sitio web, incluidas todas las p\u00e1ginas dentro de este sitio web (a las que se hace referencia colectivamente a continuaci\u00f3n como este \u00bb Sitio web\u00bb). [&hellip;]<\/p>\n","protected":false},"author":1,"featured_media":0,"parent":0,"menu_order":0,"comment_status":"closed","ping_status":"closed","template":"","meta":{"footnotes":""},"class_list":["post-46","page","type-page","status-publish","hentry","entry"],"_links":{"self":[{"href":"https:\/\/eucadent.com\/index.php\/wp-json\/wp\/v2\/pages\/46","targetHints":{"allow":["GET"]}}],"collection":[{"href":"https:\/\/eucadent.com\/index.php\/wp-json\/wp\/v2\/pages"}],"about":[{"href":"https:\/\/eucadent.com\/index.php\/wp-json\/wp\/v2\/types\/page"}],"author":[{"embeddable":true,"href":"https:\/\/eucadent.com\/index.php\/wp-json\/wp\/v2\/users\/1"}],"replies":[{"embeddable":true,"href":"https:\/\/eucadent.com\/index.php\/wp-json\/wp\/v2\/comments?post=46"}],"version-history":[{"count":2,"href":"https:\/\/eucadent.com\/index.php\/wp-json\/wp\/v2\/pages\/46\/revisions"}],"predecessor-version":[{"id":48,"href":"https:\/\/eucadent.com\/index.php\/wp-json\/wp\/v2\/pages\/46\/revisions\/48"}],"wp:attachment":[{"href":"https:\/\/eucadent.com\/index.php\/wp-json\/wp\/v2\/media?parent=46"}],"curies":[{"name":"wp","href":"https:\/\/api.w.org\/{rel}","templated":true}]}}