{"id":37,"date":"2022-03-29T15:10:32","date_gmt":"2022-03-29T15:10:32","guid":{"rendered":"http:\/\/eucadent.com\/?page_id=37"},"modified":"2022-03-30T15:29:47","modified_gmt":"2022-03-30T15:29:47","slug":"preguntas-frecuentes","status":"publish","type":"page","link":"https:\/\/eucadent.com\/index.php\/preguntas-frecuentes\/","title":{"rendered":"PREGUNTAS FRECUENTES"},"content":{"rendered":"\n<p><strong>\u00bfPa<\/strong>r<strong>a que sirven los finger oral cleaners? <\/strong><\/p>\n\n\n\n<p>Son una herramienta para la adecuada higiene bucal, alternativa al uso del cepillo de dientes tradicional. <\/p>\n\n\n\n<p><strong>\u00bfC\u00f3mo se utilizan los finger oral cleaners? <\/strong><\/p>\n\n\n\n<ol class=\"wp-block-list\" type=\"1\"><li>Higieniza tus manos con agua y jab\u00f3n. <\/li><li>Coloca el finger oral cleaner en tu dedo \u00edndice (o en el que te resulte m\u00e1s c\u00f3modo). <\/li><li>Unta tu pasta de dientes habitual sobre el finger oral cleaner una vez colocado. No mojes la pasta ni el finger oral cleaner para obtener un mejor resultado.<\/li><li>Distribuye la pasta de dientes por sobre todas las superficies de tus dientes: frente, superficie de mordida y parte trasera.<\/li><li>Masajea con suavidad tus dientes y la uni\u00f3n de los mismos con las enc\u00edas, tanto el frente de tu sonrisa como la parte trasera de tu mand\u00edbula y la superficie de mordida.<\/li><li>Limpia tu lengua de atr\u00e1s hacia adelante.<\/li><li>De acuerdo al nivel de suciedad de tus dientes puedes limpiar el finger oral cleaner y volver a realizar la operaci\u00f3n nuevamente para un \u00f3ptimo resultado. <\/li><li>\u00a1Listo! Disfruta de la suavidad y frescura de EucaDENT.<\/li><\/ol>\n\n\n\n<p><strong>\u00bfPor qu\u00e9 los finger oral cleaners son m\u00e1s eficientes que el cepillo de dientes tradicional? <\/strong><\/p>\n\n\n\n<p>Porque los finger oral cleaners son menos agresivos con las piezas dentales y con las enc\u00edas, no da\u00f1an el esmalte ni las enc\u00edas como lo hace un cepillado demasiado fuerte. A su vez, la tecnolog\u00eda EucaDENT remueve m\u00e1s eficientemente la placa bacteriana adherida a la pieza dental. <\/p>\n\n\n\n<p><strong>\u00bfC\u00f3mo puedo probar la eficiencia de EucaDENT por m\u00ed mismo? <\/strong><\/p>\n\n\n\n<p>Puedes comparar por ti mismo la presencia de placa bacteriana en tu boca luego de higienizar tus dientes con EucaDENT y luego de higienizar tus dientes con tu cepillo de dientes habitual. Para ello utiliza los reveladores de placa bacteriana que ti\u00f1en de color las bacterias incoloras que cubren tus dientes. No olvides tomar una fotograf\u00eda para comparar, los resultados estar\u00e1n a la vista y ya sabr\u00e1s con certeza qu\u00e9 producto te conviene m\u00e1s usar. <\/p>\n\n\n\n<p><strong>\u00bfCon usar los finger oral<\/strong> <strong>cleaner es suficiente para tener unos dientes saludables? <\/strong><\/p>\n\n\n\n<p>No. Una buena higiene dental debe contemplar tambi\u00e9n el uso del cepillos interdentales y\/o seda\/ hilo dental para limpiar el \u00e1rea entre los dientes donde ni los cepillos de diente ni los finger oral cleaners pueden llegar. Tambi\u00e9n te recomendamos visitar a tu odont\u00f3logo dos veces al a\u00f1o. <\/p>\n\n\n\n<p><strong>\u00bfC\u00f3mo limpio mis finger oral cleaners? <\/strong><\/p>\n\n\n\n<p>Higieniza tus EucaDENT con jab\u00f3n neutro, vinagre o alcohol, para luego enjuagarlos, secarlos y reutilizarlos con seguridad.<\/p>\n\n\n\n<p><strong>\u00bfC\u00f3mo puedo secarlos una vez lavados? <\/strong><\/p>\n\n\n\n<p>Puedes colgarlos al aire libre al igual que tus prendas de vestir o sobre una superficie seca y limpia bajo el sol. <\/p>\n\n\n\n<p><strong>\u00bfPuedo poner los finger oral cleaners en el lavarropas? <\/strong><\/p>\n\n\n\n<p>S\u00ed, puedes usar el lavarropas para higienizar tus finger oral cleaners. En ese caso, recomendamos utilizar programas de lavado superiores a 70 grados con el agregado de productos desinfectantes. <\/p>\n\n\n\n<p><strong>\u00bfPuedo usar \u00fanicamente los finger oral cleaners en lugar de mi cepillo de dientes habitual? <\/strong><\/p>\n\n\n\n<p>S\u00ed, en efecto la utilizaci\u00f3n de los finger oral cleaners posee una eficiencia equivalente al uso de cepillos de dientes tradicionales, e incluso una eficiencia mayor en los casos de dientes porosos, con el esmalte debilitado. <\/p>\n\n\n\n<p><strong>\u00bfPuedo usar finger oral cleaners en mi beb\u00e9? <\/strong><\/p>\n\n\n\n<p>Se recomienda iniciar los h\u00e1bitos de higiene dental desde muy temprana edad para fomentar el h\u00e1bito y limpiar las bacterias que puedan acumularse en la boca. Cuando el beb\u00e9 a\u00fan no tiene dientes, se sugiere que un adulto responsable los finger oral cleaner todos los d\u00edas para limpiar sus enc\u00edas y su lengua. La higiene dental del ni\u00f1o una vez que tenga dientes, seguir\u00e1 siendo responsabilidad de los padres hasta que desarrolle la capacidad motriz necesaria para realizar una adecuada higiene dental por s\u00ed mismo. <\/p>\n\n\n\n<p><strong>\u00bfPueden mis hijos usar finger oral cleaners? <\/strong><\/p>\n\n\n\n<p>La edad en la cual los peque\u00f1os pueden higienizar correctamente sus dientes por s\u00ed mismos depender\u00e1 de las t\u00e9cnicas aprendidas y la incorporaci\u00f3n del h\u00e1bito en su grupo familiar. Se estima que entre los 4 y los 8 a\u00f1os un ni\u00f1o va a poder cumplir con esta tarea en forma eficiente; sin embargo, por seguridad debemos indicar que el producto no es apto para su uso por parte de ni\u00f1os menores de 8 a\u00f1os, por riesgo de asfixia accidental. Se sugiere acompa\u00f1ar al peque\u00f1o en este proceso de aprendizaje y educaci\u00f3n para una mejor higiene dental, los finger oral cleaners son m\u00e1s eficientes en este sentido porque previenen posibles golpes a los dientes con el cepillo de dientes tradicional. <\/p>\n\n\n\n<p><strong>\u00bfCu\u00e1les son los ingredientes presentes en los finger oral cleaners? <\/strong><\/p>\n\n\n\n<p>Aceite de Menta \u2013 Mentol \u2013 Stevia. Los finger oral cleaners no tienen az\u00facar, poseen menta y menthol para brindar una mayor frescura y stevia para brindar una sensaci\u00f3n dulce. <\/p>\n\n\n\n<p><strong>\u00bfLos oral finger cleaners pueden causarme alg\u00fan tipo de alergia?<\/strong><\/p>\n\n\n\n<p>Es muy improbable. sin embargo, no se debe utilizar este producto si es al\u00e9rgico a la menta, al menthol o cualquiera de sus componentes. Frente a cualquier tipo de reacci\u00f3n adversa se debe suspender en forma inmediata el uso del producto y consultar a su m\u00e9dico para determinar a cu\u00e1l de sus componentes es al\u00e9rgico para evitar nuevas exposiciones. <\/p>\n\n\n\n<p>\u00bf<strong>Puedo utilizar los finger oral cleaners en personas mayores? <\/strong><\/p>\n\n\n\n<p>S\u00ed, se sugiere su uso para ayudar a los adultos mayores a higienizar sus dientes sin correr el riesgo de lastimar sus enc\u00edas o da\u00f1ar sus dientes. <\/p>\n\n\n\n<p><strong>\u00bfPuedo limpiar los dientes de mis mascotas con finger oral cleaners? <\/strong><\/p>\n\n\n\n<p>S\u00ed, el producto es perfectamente apto para su utilizaci\u00f3n con mascotas. Se debe prestar especial atenci\u00f3n para no mezclar los finger oral cleaners que utilizan las mascotas del hogar, con los que utilizan las personas. <\/p>\n\n\n\n<p><strong>\u00bfCu\u00e1nto duran los finger oral cleaners? <\/strong><\/p>\n\n\n\n<p>Dada la fricci\u00f3n a la que est\u00e1n expuestos diariamente, como todo art\u00edculo de cuidado personal posee una vida \u00fatil estimada en un mes. La duraci\u00f3n del producto depender\u00e1 de su tratamiento y cuidado. <\/p>\n\n\n\n<p>Cualquier consulta, sugerencia o inconveniente con nuestros productos, no dudes en comunicarte con nosotros <a href=\"mailto:atencionalcliente@eucadent.com\">atencionalcliente@eucadent.com<\/a> &nbsp;<\/p>\n","protected":false},"excerpt":{"rendered":"<p>\u00bfPara que sirven los finger oral cleaners? Son una herramienta para la adecuada higiene bucal, alternativa al uso del cepillo de dientes tradicional. \u00bfC\u00f3mo se utilizan los finger oral cleaners? Higieniza tus manos con agua y jab\u00f3n. Coloca el finger oral cleaner en tu dedo \u00edndice (o en el que te resulte m\u00e1s c\u00f3modo). Unta [&hellip;]<\/p>\n","protected":false},"author":1,"featured_media":0,"parent":0,"menu_order":0,"comment_status":"closed","ping_status":"closed","template":"","meta":{"footnotes":""},"class_list":["post-37","page","type-page","status-publish","hentry","entry"],"_links":{"self":[{"href":"https:\/\/eucadent.com\/index.php\/wp-json\/wp\/v2\/pages\/37","targetHints":{"allow":["GET"]}}],"collection":[{"href":"https:\/\/eucadent.com\/index.php\/wp-json\/wp\/v2\/pages"}],"about":[{"href":"https:\/\/eucadent.com\/index.php\/wp-json\/wp\/v2\/types\/page"}],"author":[{"embeddable":true,"href":"https:\/\/eucadent.com\/index.php\/wp-json\/wp\/v2\/users\/1"}],"replies":[{"embeddable":true,"href":"https:\/\/eucadent.com\/index.php\/wp-json\/wp\/v2\/comments?post=37"}],"version-history":[{"count":6,"href":"https:\/\/eucadent.com\/index.php\/wp-json\/wp\/v2\/pages\/37\/revisions"}],"predecessor-version":[{"id":76,"href":"https:\/\/eucadent.com\/index.php\/wp-json\/wp\/v2\/pages\/37\/revisions\/76"}],"wp:attachment":[{"href":"https:\/\/eucadent.com\/index.php\/wp-json\/wp\/v2\/media?parent=37"}],"curies":[{"name":"wp","href":"https:\/\/api.w.org\/{rel}","templated":true}]}}